{"id":16,"date":"2024-05-15T23:10:40","date_gmt":"2024-05-15T21:10:40","guid":{"rendered":"https:\/\/ifeemst.com\/cafsys\/?page_id=16"},"modified":"2024-10-03T03:48:09","modified_gmt":"2024-10-03T06:48:09","slug":"tres","status":"publish","type":"page","link":"https:\/\/ifeemst.com\/cafsys\/tres\/","title":{"rendered":"Tres"},"content":{"rendered":"\t\t<div data-elementor-type=\"wp-page\" data-elementor-id=\"16\" class=\"elementor elementor-16\" data-elementor-settings=\"{&quot;element_pack_global_tooltip_width&quot;:{&quot;unit&quot;:&quot;px&quot;,&quot;size&quot;:&quot;&quot;,&quot;sizes&quot;:[]},&quot;element_pack_global_tooltip_width_tablet&quot;:{&quot;unit&quot;:&quot;px&quot;,&quot;size&quot;:&quot;&quot;,&quot;sizes&quot;:[]},&quot;element_pack_global_tooltip_width_mobile&quot;:{&quot;unit&quot;:&quot;px&quot;,&quot;size&quot;:&quot;&quot;,&quot;sizes&quot;:[]},&quot;element_pack_global_tooltip_padding&quot;:{&quot;unit&quot;:&quot;px&quot;,&quot;top&quot;:&quot;&quot;,&quot;right&quot;:&quot;&quot;,&quot;bottom&quot;:&quot;&quot;,&quot;left&quot;:&quot;&quot;,&quot;isLinked&quot;:true},&quot;element_pack_global_tooltip_padding_tablet&quot;:{&quot;unit&quot;:&quot;px&quot;,&quot;top&quot;:&quot;&quot;,&quot;right&quot;:&quot;&quot;,&quot;bottom&quot;:&quot;&quot;,&quot;left&quot;:&quot;&quot;,&quot;isLinked&quot;:true},&quot;element_pack_global_tooltip_padding_mobile&quot;:{&quot;unit&quot;:&quot;px&quot;,&quot;top&quot;:&quot;&quot;,&quot;right&quot;:&quot;&quot;,&quot;bottom&quot;:&quot;&quot;,&quot;left&quot;:&quot;&quot;,&quot;isLinked&quot;:true},&quot;element_pack_global_tooltip_border_radius&quot;:{&quot;unit&quot;:&quot;px&quot;,&quot;top&quot;:&quot;&quot;,&quot;right&quot;:&quot;&quot;,&quot;bottom&quot;:&quot;&quot;,&quot;left&quot;:&quot;&quot;,&quot;isLinked&quot;:true},&quot;element_pack_global_tooltip_border_radius_tablet&quot;:{&quot;unit&quot;:&quot;px&quot;,&quot;top&quot;:&quot;&quot;,&quot;right&quot;:&quot;&quot;,&quot;bottom&quot;:&quot;&quot;,&quot;left&quot;:&quot;&quot;,&quot;isLinked&quot;:true},&quot;element_pack_global_tooltip_border_radius_mobile&quot;:{&quot;unit&quot;:&quot;px&quot;,&quot;top&quot;:&quot;&quot;,&quot;right&quot;:&quot;&quot;,&quot;bottom&quot;:&quot;&quot;,&quot;left&quot;:&quot;&quot;,&quot;isLinked&quot;:true}}\" data-elementor-post-type=\"page\">\n\t\t\t\t<div data-particle_enable=\"false\" data-particle-mobile-disabled=\"false\" class=\"elementor-element elementor-element-cefdabe e-grid e-con-boxed wpr-particle-no wpr-jarallax-no wpr-parallax-no wpr-sticky-section-no e-con e-parent\" data-id=\"cefdabe\" data-element_type=\"container\" data-settings=\"{&quot;ekit_has_onepagescroll_dot&quot;:&quot;yes&quot;}\">\n\t\t\t\t\t<div class=\"e-con-inner\">\n\t\t\t\t<div class=\"elementor-element elementor-element-9eef31f elementor-widget__width-inherit elementor-widget elementor-widget-eael-adv-tabs\" data-id=\"9eef31f\" data-element_type=\"widget\" data-settings=\"{&quot;ekit_we_effect_on&quot;:&quot;none&quot;}\" data-widget_type=\"eael-adv-tabs.default\">\n\t\t\t\t<div class=\"elementor-widget-container\">\n\t\t\t        <div data-scroll-on-click=\"\" data-scroll-speed=\"300\" id=\"eael-advance-tabs-9eef31f\" class=\"eael-advance-tabs eael-tabs-vertical eael-tab-auto-active eael-tab-toggle\" data-tabid=\"9eef31f\">\n            <div class=\"eael-tabs-nav\">\n                <ul class=\"eael-tab-inline-icon\" role=\"tablist\">\n                                            <li id=\"dependencias-policiales\" class=\"inactive eael-tab-item-trigger\" aria-selected=\"true\" data-tab=\"1\" role=\"tab\" tabindex=\"0\" aria-controls=\"dependencias-policiales-tab\" aria-expanded=\"false\">\n                            \n                                                                <svg class=\"e-font-icon-svg e-fas-home\" viewBox=\"0 0 576 512\" xmlns=\"http:\/\/www.w3.org\/2000\/svg\"><path d=\"M280.37 148.26L96 300.11V464a16 16 0 0 0 16 16l112.06-.29a16 16 0 0 0 15.92-16V368a16 16 0 0 1 16-16h64a16 16 0 0 1 16 16v95.64a16 16 0 0 0 16 16.05L464 480a16 16 0 0 0 16-16V300L295.67 148.26a12.19 12.19 0 0 0-15.3 0zM571.6 251.47L488 182.56V44.05a12 12 0 0 0-12-12h-56a12 12 0 0 0-12 12v72.61L318.47 43a48 48 0 0 0-61 0L4.34 251.47a12 12 0 0 0-1.6 16.9l25.5 31A12 12 0 0 0 45.15 301l235.22-193.74a12.19 12.19 0 0 1 15.3 0L530.9 301a12 12 0 0 0 16.9-1.6l25.5-31a12 12 0 0 0-1.7-16.93z\"><\/path><\/svg>                                                            \n                                                            <span class=\"eael-tab-title  title-after-icon\">Dependencias Policiales<\/span>                            \n                                                    <\/li>\n                                            <li id=\"ttulo-de-la-pestaa-1\" class=\"inactive eael-tab-item-trigger\" aria-selected=\"false\" data-tab=\"2\" role=\"tab\" tabindex=\"-1\" aria-controls=\"ttulo-de-la-pestaa-1-tab\" aria-expanded=\"false\">\n                            \n                                                                <svg class=\"e-font-icon-svg e-fas-home\" viewBox=\"0 0 576 512\" xmlns=\"http:\/\/www.w3.org\/2000\/svg\"><path d=\"M280.37 148.26L96 300.11V464a16 16 0 0 0 16 16l112.06-.29a16 16 0 0 0 15.92-16V368a16 16 0 0 1 16-16h64a16 16 0 0 1 16 16v95.64a16 16 0 0 0 16 16.05L464 480a16 16 0 0 0 16-16V300L295.67 148.26a12.19 12.19 0 0 0-15.3 0zM571.6 251.47L488 182.56V44.05a12 12 0 0 0-12-12h-56a12 12 0 0 0-12 12v72.61L318.47 43a48 48 0 0 0-61 0L4.34 251.47a12 12 0 0 0-1.6 16.9l25.5 31A12 12 0 0 0 45.15 301l235.22-193.74a12.19 12.19 0 0 1 15.3 0L530.9 301a12 12 0 0 0 16.9-1.6l25.5-31a12 12 0 0 0-1.7-16.93z\"><\/path><\/svg>                                                            \n                                                            <span class=\"eael-tab-title  title-after-icon\">T\u00edtulo de la pesta\u00f1a 1<\/span>                            \n                                                    <\/li>\n                                            <li id=\"ttulo-de-la-pestaa-1\" class=\"inactive eael-tab-item-trigger\" aria-selected=\"false\" data-tab=\"3\" role=\"tab\" tabindex=\"-1\" aria-controls=\"ttulo-de-la-pestaa-1-tab\" aria-expanded=\"false\">\n                            \n                                                                <svg class=\"e-font-icon-svg e-fas-home\" viewBox=\"0 0 576 512\" xmlns=\"http:\/\/www.w3.org\/2000\/svg\"><path d=\"M280.37 148.26L96 300.11V464a16 16 0 0 0 16 16l112.06-.29a16 16 0 0 0 15.92-16V368a16 16 0 0 1 16-16h64a16 16 0 0 1 16 16v95.64a16 16 0 0 0 16 16.05L464 480a16 16 0 0 0 16-16V300L295.67 148.26a12.19 12.19 0 0 0-15.3 0zM571.6 251.47L488 182.56V44.05a12 12 0 0 0-12-12h-56a12 12 0 0 0-12 12v72.61L318.47 43a48 48 0 0 0-61 0L4.34 251.47a12 12 0 0 0-1.6 16.9l25.5 31A12 12 0 0 0 45.15 301l235.22-193.74a12.19 12.19 0 0 1 15.3 0L530.9 301a12 12 0 0 0 16.9-1.6l25.5-31a12 12 0 0 0-1.7-16.93z\"><\/path><\/svg>                                                            \n                                                            <span class=\"eael-tab-title  title-after-icon\">T\u00edtulo de la pesta\u00f1a 1<\/span>                            \n                                                    <\/li>\n                                            <li id=\"ttulo-de-la-pestaa-1\" class=\"inactive eael-tab-item-trigger\" aria-selected=\"false\" data-tab=\"4\" role=\"tab\" tabindex=\"-1\" aria-controls=\"ttulo-de-la-pestaa-1-tab\" aria-expanded=\"false\">\n                            \n                                                                <svg class=\"e-font-icon-svg e-fas-home\" viewBox=\"0 0 576 512\" xmlns=\"http:\/\/www.w3.org\/2000\/svg\"><path d=\"M280.37 148.26L96 300.11V464a16 16 0 0 0 16 16l112.06-.29a16 16 0 0 0 15.92-16V368a16 16 0 0 1 16-16h64a16 16 0 0 1 16 16v95.64a16 16 0 0 0 16 16.05L464 480a16 16 0 0 0 16-16V300L295.67 148.26a12.19 12.19 0 0 0-15.3 0zM571.6 251.47L488 182.56V44.05a12 12 0 0 0-12-12h-56a12 12 0 0 0-12 12v72.61L318.47 43a48 48 0 0 0-61 0L4.34 251.47a12 12 0 0 0-1.6 16.9l25.5 31A12 12 0 0 0 45.15 301l235.22-193.74a12.19 12.19 0 0 1 15.3 0L530.9 301a12 12 0 0 0 16.9-1.6l25.5-31a12 12 0 0 0-1.7-16.93z\"><\/path><\/svg>                                                            \n                                                            <span class=\"eael-tab-title  title-after-icon\">T\u00edtulo de la pesta\u00f1a 1<\/span>                            \n                                                    <\/li>\n                                            <li id=\"ttulo-de-la-pestaa-3\" class=\"inactive eael-tab-item-trigger\" aria-selected=\"false\" data-tab=\"5\" role=\"tab\" tabindex=\"-1\" aria-controls=\"ttulo-de-la-pestaa-3-tab\" aria-expanded=\"false\">\n                            \n                                                                <svg class=\"e-font-icon-svg e-fas-home\" viewBox=\"0 0 576 512\" xmlns=\"http:\/\/www.w3.org\/2000\/svg\"><path d=\"M280.37 148.26L96 300.11V464a16 16 0 0 0 16 16l112.06-.29a16 16 0 0 0 15.92-16V368a16 16 0 0 1 16-16h64a16 16 0 0 1 16 16v95.64a16 16 0 0 0 16 16.05L464 480a16 16 0 0 0 16-16V300L295.67 148.26a12.19 12.19 0 0 0-15.3 0zM571.6 251.47L488 182.56V44.05a12 12 0 0 0-12-12h-56a12 12 0 0 0-12 12v72.61L318.47 43a48 48 0 0 0-61 0L4.34 251.47a12 12 0 0 0-1.6 16.9l25.5 31A12 12 0 0 0 45.15 301l235.22-193.74a12.19 12.19 0 0 1 15.3 0L530.9 301a12 12 0 0 0 16.9-1.6l25.5-31a12 12 0 0 0-1.7-16.93z\"><\/path><\/svg>                                                            \n                                                            <span class=\"eael-tab-title  title-after-icon\">T\u00edtulo de la pesta\u00f1a 3<\/span>                            \n                                                    <\/li>\n                                            <li id=\"ttulo-de-la-pestaa-3\" class=\" eael-tab-item-trigger\" aria-selected=\"false\" data-tab=\"6\" role=\"tab\" tabindex=\"-1\" aria-controls=\"ttulo-de-la-pestaa-3-tab\" aria-expanded=\"false\">\n                            \n                                                                <svg class=\"e-font-icon-svg e-fas-home\" viewBox=\"0 0 576 512\" xmlns=\"http:\/\/www.w3.org\/2000\/svg\"><path d=\"M280.37 148.26L96 300.11V464a16 16 0 0 0 16 16l112.06-.29a16 16 0 0 0 15.92-16V368a16 16 0 0 1 16-16h64a16 16 0 0 1 16 16v95.64a16 16 0 0 0 16 16.05L464 480a16 16 0 0 0 16-16V300L295.67 148.26a12.19 12.19 0 0 0-15.3 0zM571.6 251.47L488 182.56V44.05a12 12 0 0 0-12-12h-56a12 12 0 0 0-12 12v72.61L318.47 43a48 48 0 0 0-61 0L4.34 251.47a12 12 0 0 0-1.6 16.9l25.5 31A12 12 0 0 0 45.15 301l235.22-193.74a12.19 12.19 0 0 1 15.3 0L530.9 301a12 12 0 0 0 16.9-1.6l25.5-31a12 12 0 0 0-1.7-16.93z\"><\/path><\/svg>                                                            \n                                                            <span class=\"eael-tab-title  title-after-icon\">T\u00edtulo de la pesta\u00f1a 3<\/span>                            \n                                                    <\/li>\n                                            <li id=\"ttulo-de-la-pestaa-3\" class=\"inactive eael-tab-item-trigger\" aria-selected=\"false\" data-tab=\"7\" role=\"tab\" tabindex=\"-1\" aria-controls=\"ttulo-de-la-pestaa-3-tab\" aria-expanded=\"false\">\n                            \n                                                                <svg class=\"e-font-icon-svg e-fas-home\" viewBox=\"0 0 576 512\" xmlns=\"http:\/\/www.w3.org\/2000\/svg\"><path d=\"M280.37 148.26L96 300.11V464a16 16 0 0 0 16 16l112.06-.29a16 16 0 0 0 15.92-16V368a16 16 0 0 1 16-16h64a16 16 0 0 1 16 16v95.64a16 16 0 0 0 16 16.05L464 480a16 16 0 0 0 16-16V300L295.67 148.26a12.19 12.19 0 0 0-15.3 0zM571.6 251.47L488 182.56V44.05a12 12 0 0 0-12-12h-56a12 12 0 0 0-12 12v72.61L318.47 43a48 48 0 0 0-61 0L4.34 251.47a12 12 0 0 0-1.6 16.9l25.5 31A12 12 0 0 0 45.15 301l235.22-193.74a12.19 12.19 0 0 1 15.3 0L530.9 301a12 12 0 0 0 16.9-1.6l25.5-31a12 12 0 0 0-1.7-16.93z\"><\/path><\/svg>                                                            \n                                                            <span class=\"eael-tab-title  title-after-icon\">T\u00edtulo de la pesta\u00f1a 3<\/span>                            \n                                                    <\/li>\n                                    <\/ul>\n            <\/div>\n            \n            <div class=\"eael-tabs-content\">\n\t\t        \n                    <div id=\"dependencias-policiales-tab\" class=\"clearfix eael-tab-content-item inactive\" data-title-link=\"dependencias-policiales-tab\">\n\t\t\t\t        \t\t\t\t\t        <p><strong>\u00a07\u00b0 ZONA DE INSPECCI\u00d3N \u00a0<\/strong>\u00a0\u00a0 \u00a0 \u00a0 \u00a0 \u00a0<\/p><p>CENTRO C\u00cdVICO<\/p><p>ALVEAR 2571<\/p><p>TEL- 457-7916 \u00a0 \u00a0 \u00a0 \u00a0<\/p><p>\u00a0<\/p><p><strong>SISTEMA DE EMERGENCIA 911<\/strong><\/p><p>CENTRO C\u00cdVICO<\/p><p>ALVEAR 2571<\/p><p>TEL.: 911 \u00a0 \u00a0 \u00a0 \u00a0 \u00a0 \u00a0 \u00a0 \u00a0 \u00a0 \u00a0 \u00a0 \u00a0<\/p><p>CORREO ELECTR\u00d3NICO: ST911@SANTAFE.GOV.AR\u00a0\u00a0<\/p><p>\u00a0 \u00a0<\/p><p><strong>COMANDO RADIOELECTRICO<\/strong>\u00a0 \u00a0 \u00a0 \u00a0 \u00a0 \u00a0 \u00a0\u00a0<\/p><p>25 DE MAYO 1853<\/p><p>\u00a0TEL. 457-7917 \u00a0 \u00a0 \u00a0 \u00a0 \u00a0 \u00a0 \u00a0\u00a0<\/p><p>CORREO ELECTR\u00d3NICO: COMANDOSANTOTOME@GMAIL.COM<\/p><p>\u00a0<\/p><p><strong>POLIC\u00cdA COMUNITARIA\u00a0<\/strong><\/p><p>AZCU\u00c9NAGA 3478<\/p><p>TEL:4509620 &#8211; 4698006<\/p><p>\u00a0<\/p><p><strong>SECCIONAL 12\u00b0 DE POLICIA<\/strong><\/p><p>CENTRO C\u00cdVICO<\/p><p>ALVEAR 2571 \u00a0 \u00a0 \u00a0 \u00a0 \u00a0 \u00a0 \u00a0 \u00a0 \u00a0 \u00a0 \u00a0 \u00a0 \u00a0\u00a0<\/p><p>TEL- 457-7916\u00a0\u00a0 \u00a0<\/p><p>\u00a0<\/p><p><strong>CENTRO DE ORIENTACION A LA VICTIMA\u00a0\u00a0 \u00a0\u00a0<\/strong>\u00a0 \u00a0 \u00a0 \u00a0<\/p><p>COMISARIA DE LA MUJER<\/p><p>LISANDRO DE LA TORRE 2665<\/p><p>TEL. 4835281 \u00a0 \u00a0 \u00a0 \u00a0 \u00a0 \u00a0 \u00a0 \u00a0 \u00a0 \u00a0\u00a0<\/p><p>CORREO ELECTR\u00d3NICO: VIOLENCIADEGENERO_SANTAFE@HOTMAIL.COM \u00a0 \u00a0\u00a0<\/p><p>\u00a0<\/p><p><strong>TRATA DE PERSONA Y FEMICIDIO<\/strong><\/p><p>LISANDRO DE LA TORRE 2665<\/p><p>TEL. 4619923<\/p><p>\u00a0<\/p><p><strong>SUBCOMISARIA N\u00b0 9<\/strong><\/p><p>HIP\u00d3LITO YRIGOYEN Y ALBERDI<\/p><p>TEL. 457-7915 \u00a0 \u00a0 \u00a0 \u00a0 \u00a0 \u00a0\u00a0<\/p><p>CORREO ELECTR\u00d3NICO: SUBCRIA9URI@SANTAFE.COM.AR<\/p><p>\u00a0<\/p><p><strong>SUBCOMISARIA N\u00b0 15\u00a0<\/strong>\u00a0 \u00a0 \u00a0\u00a0<\/p><p>SARMIENTO 4108<\/p><p>TEL. 475-3485 \u00a0 \u00a0 \u00a0 \u00a0 \u00a0 \u00a0 \u00a0 \u00a0<\/p><p>CORREO ELECTR\u00d3NICO: SUBCOMISARIA15@GMAIL.COM<\/p><p>\u00a0<\/p><p><strong>SUBCOMISARIA N\u00b0 16<\/strong><\/p><p>CHAPEAUROUGE ESQ. SAN LORENZO \u00a0 \u00a0 \u00a0 \u00a0 \u00a0 \u00a0 \u00a0 \u00a0<\/p><p>BO. ADELINA CENTRO<\/p><p>TEL. 4509151<\/p><p>\u00a0<\/p><p><strong>COMISARIA N\u00b0 23\u00a0\u00a0 \u00a0\u00a0<\/strong>\u00a0 \u00a0 \u00a0 \u00a0 \u00a0 \u00a0<\/p><p>AV. RICHIERI Y 3 DE FEBRERO<\/p><p>TEL. 4753480 \u00a0 \u00a0 \u00a0 \u00a0 \u00a0 \u00a0<\/p><p>CORREO ELECTR\u00d3NICO:\u00a0 COMISARIA23URISANTOTOME@GAMIL.COM<\/p><p>\u00a0<\/p><p><strong>CUARTEL DE BOMBEROS ZAPADORES DE SANTO TOME\u00a0<\/strong>\u00a0 \u00a0 \u00a0 \u00a0 \u00a0 \u00a0 \u00a0 \u00a0<\/p><p>CENTRO C\u00cdVICO<\/p><p>ALVEAR 2571<\/p><p>TEL- 457-7918\u00a0 \u00a0 \u00a0 \u00a0 \u00a0 \u00a0 \u00a0 \u00a0 \u00a0 \u00a0 \u00a0 \u00a0 \u00a0 \u00a0\u00a0<\/p><p>CORREO ELECTR\u00d3NICO: RIOSHDAVID@GMAIL.COM<\/p>\t\t\t\t                            <\/div>\n\t\t        \n                    <div id=\"ttulo-de-la-pestaa-1-tab\" class=\"clearfix eael-tab-content-item inactive\" data-title-link=\"ttulo-de-la-pestaa-1-tab\">\n\t\t\t\t        \t\t\t\t\t        Lorem fistrum me cago en tus muelas se calle ust\u00e9e de la pradera me cago en tus muelas apetecan al ataquerl al ataquerl. Est\u00e1 la cosa muy malar a wan fistro apetecan sexuarl. No puedor apetecan por la gloria de mi madre te voy a borrar el cerito no te digo trigo por no llamarte Rodrigor va ust\u00e9 muy cargadoo a wan ahorarr.\t\t\t\t                            <\/div>\n\t\t        \n                    <div id=\"ttulo-de-la-pestaa-1-tab\" class=\"clearfix eael-tab-content-item inactive\" data-title-link=\"ttulo-de-la-pestaa-1-tab\">\n\t\t\t\t        \t\t\t\t\t        Lorem fistrum me cago en tus muelas se calle ust\u00e9e de la pradera me cago en tus muelas apetecan al ataquerl al ataquerl. Est\u00e1 la cosa muy malar a wan fistro apetecan sexuarl. No puedor apetecan por la gloria de mi madre te voy a borrar el cerito no te digo trigo por no llamarte Rodrigor va ust\u00e9 muy cargadoo a wan ahorarr.\t\t\t\t                            <\/div>\n\t\t        \n                    <div id=\"ttulo-de-la-pestaa-1-tab\" class=\"clearfix eael-tab-content-item inactive\" data-title-link=\"ttulo-de-la-pestaa-1-tab\">\n\t\t\t\t        \t\t\t\t\t        Lorem fistrum me cago en tus muelas se calle ust\u00e9e de la pradera me cago en tus muelas apetecan al ataquerl al ataquerl. Est\u00e1 la cosa muy malar a wan fistro apetecan sexuarl. No puedor apetecan por la gloria de mi madre te voy a borrar el cerito no te digo trigo por no llamarte Rodrigor va ust\u00e9 muy cargadoo a wan ahorarr.\t\t\t\t                            <\/div>\n\t\t        \n                    <div id=\"ttulo-de-la-pestaa-3-tab\" class=\"clearfix eael-tab-content-item inactive\" data-title-link=\"ttulo-de-la-pestaa-3-tab\">\n\t\t\t\t        \t\t\t\t\t        Lorem fistrum me cago en tus muelas se calle ust\u00e9e de la pradera me cago en tus muelas apetecan al ataquerl al ataquerl. Est\u00e1 la cosa muy malar a wan fistro apetecan sexuarl. No puedor apetecan por la gloria de mi madre te voy a borrar el cerito no te digo trigo por no llamarte Rodrigor va ust\u00e9 muy cargadoo a wan ahorarr.\t\t\t\t                            <\/div>\n\t\t        \n                    <div id=\"ttulo-de-la-pestaa-3-tab\" class=\"clearfix eael-tab-content-item \" data-title-link=\"ttulo-de-la-pestaa-3-tab\">\n\t\t\t\t        \t\t\t\t\t        <p>Lorem fistrum me cago en tus muelas se calle ust\u00e9e de la pradera me cago en tus muelas apetecan al ataquerl al ataquerl. Est\u00e1 la cosa muy malar a wan fistro apetecan sexuarl. No puedor apetecan por la gloria de mi madre te voy a borrar el cerito no te digo trigo por no llamarte Rodrigor va ust\u00e9 muy cargadoo a wan ahorarr.Lorem fistrum me cago en tus muelas se calle ust\u00e9e de la pradera me cago en tus muelas apetecan al ataquerl al ataquerl. Est\u00e1 la cosa muy malar a wan fistro apetecan sexuarl. No puedor apetecan por la gloria de mi madre te voy a borrar el cerito no te digo trigo por no llamarte Rodrigor va ust\u00e9 muy cargadoo a wan ahorarr.Lorem fistrum me cago en tus muelas se calle ust\u00e9e de la pradera me cago en tus muelas apetecan al ataquerl al ataquerl. Est\u00e1 la cosa muy malar a wan fistro apetecan sexuarl. No puedor apetecan por la gloria de mi madre te voy a borrar el cerito no te digo trigo por no llamarte Rodrigor va ust\u00e9 muy cargadoo a wan ahorarr.Lorem fistrum me cago en tus muelas se calle ust\u00e9e de la pradera me cago en tus muelas apetecan al ataquerl al ataquerl. Est\u00e1 la cosa muy malar a wan fistro apetecan sexuarl. No puedor apetecan por la gloria de mi madre te voy a borrar el cerito no te digo trigo por no llamarte Rodrigor va ust\u00e9 muy cargadoo a wan ahorarr.Lorem fistrum me cago en tus muelas se calle ust\u00e9e de la pradera me cago en tus muelas apetecan al ataquerl al ataquerl. Est\u00e1 la cosa muy malar a wan fistro apetecan sexuarl. No puedor apetecan por la gloria de mi madre te voy a borrar el cerito no te digo trigo por no llamarte Rodrigor va ust\u00e9 muy cargadoo a wan ahorarr.<\/p>\t\t\t\t                            <\/div>\n\t\t        \n                    <div id=\"ttulo-de-la-pestaa-3-tab\" class=\"clearfix eael-tab-content-item inactive\" data-title-link=\"ttulo-de-la-pestaa-3-tab\">\n\t\t\t\t        \t\t\t\t\t        Lorem fistrum me cago en tus muelas se calle ust\u00e9e de la pradera me cago en tus muelas apetecan al ataquerl al ataquerl. Est\u00e1 la cosa muy malar a wan fistro apetecan sexuarl. No puedor apetecan por la gloria de mi madre te voy a borrar el cerito no te digo trigo por no llamarte Rodrigor va ust\u00e9 muy cargadoo a wan ahorarr.\t\t\t\t                            <\/div>\n\t\t                    <\/div>\n        <\/div>\n\t\t<\/div>\n\t\t\t\t<\/div>\n\t\t\t\t\t<\/div>\n\t\t\t\t<\/div>\n\t\t\t\t<\/div>\n\t\t","protected":false},"excerpt":{"rendered":"<p>Dependencias Policiales T\u00edtulo de la pesta\u00f1a 1 T\u00edtulo de la pesta\u00f1a 1 T\u00edtulo de la pesta\u00f1a 1 T\u00edtulo de la pesta\u00f1a 3 T\u00edtulo de la pesta\u00f1a 3 T\u00edtulo<\/p>\n","protected":false},"author":1,"featured_media":0,"parent":0,"menu_order":0,"comment_status":"closed","ping_status":"closed","template":"","meta":{"_eb_attr":"","inline_featured_image":false,"_uag_custom_page_level_css":"","postBodyMargin":[],"postBodyPadding":[],"postBodyBackground":{"backgroundType":"classic","gradient":""},"site-sidebar-layout":"no-sidebar","site-content-layout":"","ast-site-content-layout":"full-width-container","site-content-style":"default","site-sidebar-style":"default","ast-global-header-display":"","ast-banner-title-visibility":"","ast-main-header-display":"","ast-hfb-above-header-display":"","ast-hfb-below-header-display":"","ast-hfb-mobile-header-display":"","site-post-title":"disabled","ast-breadcrumbs-content":"","ast-featured-img":"disabled","footer-sml-layout":"","theme-transparent-header-meta":"","adv-header-id-meta":"","stick-header-meta":"","header-above-stick-meta":"","header-main-stick-meta":"","header-below-stick-meta":"","astra-migrate-meta-layouts":"default","ast-page-background-enabled":"default","ast-page-background-meta":{"desktop":{"background-color":"var(--ast-global-color-4)","background-image":"","background-repeat":"repeat","background-position":"center center","background-size":"auto","background-attachment":"scroll","background-type":"","background-media":"","overlay-type":"","overlay-color":"","overlay-opacity":"","overlay-gradient":""},"tablet":{"background-color":"","background-image":"","background-repeat":"repeat","background-position":"center center","background-size":"auto","background-attachment":"scroll","background-type":"","background-media":"","overlay-type":"","overlay-color":"","overlay-opacity":"","overlay-gradient":""},"mobile":{"background-color":"","background-image":"","background-repeat":"repeat","background-position":"center center","background-size":"auto","background-attachment":"scroll","background-type":"","background-media":"","overlay-type":"","overlay-color":"","overlay-opacity":"","overlay-gradient":""}},"ast-content-background-meta":{"desktop":{"background-color":"var(--ast-global-color-5)","background-image":"","background-repeat":"repeat","background-position":"center center","background-size":"auto","background-attachment":"scroll","background-type":"","background-media":"","overlay-type":"","overlay-color":"","overlay-opacity":"","overlay-gradient":""},"tablet":{"background-color":"var(--ast-global-color-5)","background-image":"","background-repeat":"repeat","background-position":"center center","background-size":"auto","background-attachment":"scroll","background-type":"","background-media":"","overlay-type":"","overlay-color":"","overlay-opacity":"","overlay-gradient":""},"mobile":{"background-color":"var(--ast-global-color-5)","background-image":"","background-repeat":"repeat","background-position":"center center","background-size":"auto","background-attachment":"scroll","background-type":"","background-media":"","overlay-type":"","overlay-color":"","overlay-opacity":"","overlay-gradient":""}},"footnotes":""},"class_list":["post-16","page","type-page","status-publish","hentry"],"uagb_featured_image_src":{"full":false,"thumbnail":false,"medium":false,"medium_large":false,"large":false,"eventer-thumb-170x170":false,"eventer-thumb-600x400":false,"eventer-thumb-400x400":false,"1536x1536":false,"2048x2048":false,"tp-image-grid":false,"sow-carousel-default":false},"uagb_author_info":{"display_name":"carlosfregona","author_link":"https:\/\/ifeemst.com\/cafsys\/author\/carlosfregona\/"},"uagb_comment_info":0,"uagb_excerpt":"Dependencias Policiales T\u00edtulo de la pesta\u00f1a 1 T\u00edtulo de la pesta\u00f1a 1 T\u00edtulo de la pesta\u00f1a 1 T\u00edtulo de la pesta\u00f1a 3 T\u00edtulo de la pesta\u00f1a 3 T\u00edtulo","_links":{"self":[{"href":"https:\/\/ifeemst.com\/cafsys\/wp-json\/wp\/v2\/pages\/16"}],"collection":[{"href":"https:\/\/ifeemst.com\/cafsys\/wp-json\/wp\/v2\/pages"}],"about":[{"href":"https:\/\/ifeemst.com\/cafsys\/wp-json\/wp\/v2\/types\/page"}],"author":[{"embeddable":true,"href":"https:\/\/ifeemst.com\/cafsys\/wp-json\/wp\/v2\/users\/1"}],"replies":[{"embeddable":true,"href":"https:\/\/ifeemst.com\/cafsys\/wp-json\/wp\/v2\/comments?post=16"}],"version-history":[{"count":26,"href":"https:\/\/ifeemst.com\/cafsys\/wp-json\/wp\/v2\/pages\/16\/revisions"}],"predecessor-version":[{"id":5707,"href":"https:\/\/ifeemst.com\/cafsys\/wp-json\/wp\/v2\/pages\/16\/revisions\/5707"}],"wp:attachment":[{"href":"https:\/\/ifeemst.com\/cafsys\/wp-json\/wp\/v2\/media?parent=16"}],"curies":[{"name":"wp","href":"https:\/\/api.w.org\/{rel}","templated":true}]}}